{"id":31,"date":"2018-08-27T19:55:07","date_gmt":"2018-08-27T19:55:07","guid":{"rendered":"http:\/\/localhost\/wpmercasa\/?page_id=31"},"modified":"2019-05-06T17:02:21","modified_gmt":"2019-05-06T23:02:21","slug":"quienes-somos","status":"publish","type":"page","link":"https:\/\/wp.grupomercasa.com\/?page_id=31","title":{"rendered":"Quienes somos"},"content":{"rendered":"\n<div class=\"wp-block-image\"><figure class=\"aligncenter\"><img loading=\"lazy\" width=\"412\" height=\"226\" src=\"https:\/\/wp.grupomercasa.com\/wp-content\/uploads\/2019\/04\/inicio.jpg\" alt=\"\" class=\"wp-image-396\" srcset=\"https:\/\/wp.grupomercasa.com\/wp-content\/uploads\/2019\/04\/inicio.jpg 412w, https:\/\/wp.grupomercasa.com\/wp-content\/uploads\/2019\/04\/inicio-300x165.jpg 300w\" sizes=\"(max-width: 412px) 100vw, 412px\" \/><\/figure><\/div>\n\n\n<p><span style=\"color: #000000; font-weight: bold; font-family: Raleway, Helvetica, Arial, sans-serif; font-size: 2em;\">HISTORIA<\/span><\/p>\n<p class=\"Estilo55 Estilo57 Estilo59\" align=\"justify\"><span style=\"color: #000000;\">En el a\u00f1o 1981 y proveniente de la Suiza de Turrialba, Cartago, el se\u00f1or Nelson M\u00e9ndez Chaves, decide &nbsp;instalar una peque\u00f1a f\u00e1brica de block, en Agua Caliente, Cartago, lugar de residencia de la familia que conform\u00f3 junto con su esposa, la se\u00f1ora Damaris Calder\u00f3n Gonz\u00e1lez.<\/span><\/p>\n<p class=\"Estilo55 Estilo57 Estilo59\" align=\"justify\"><span style=\"color: #000000;\">Fue &nbsp;as\u00ed como &nbsp;incursion\u00f3 en el mercado de la construcci\u00f3n, con esta actividad que se extendi\u00f3 aproximadamente por quince a\u00f1os. Ya para este tiempo, don Nelson contaba con la colaboraci\u00f3n de su hijo mayor, el Se\u00f1or Giovanni M\u00e9ndez Calder\u00f3n, quien se dedicaba a estudiar y como aporte econ\u00f3mico a su familia vend\u00eda tiempos en el vecindario.<\/span><\/p>\n<p class=\"Estilo55 Estilo57 Estilo59\" align=\"justify\"><span style=\"color: #000000;\">Don Nelson adquiere un peque\u00f1o terreno junto a su casa, y traslada las m\u00e1quinas de hacer block a \u00e9ste, posteriormente su hijo menor, el se\u00f1or Diego M\u00e9ndez Calder\u00f3n, se integra al negocio familiar con la elaboraci\u00f3n del block, en compa\u00f1\u00eda de&nbsp; otros colaboradores; se adquiere el primer cami\u00f3n para transportar el material y se pone a la venta arena y cemento.<\/span><\/p>\n<p class=\"Estilo55 Estilo57 Estilo59\" align=\"justify\"><span style=\"color: #000000;\">En el a\u00f1o de 1991, la familia decide iniciar la construcci\u00f3n de su nueva casa de habitaci\u00f3n, en el mismo terreno de la f\u00e1brica de block, para ello don Nelson adquir\u00eda materiales de construcci\u00f3n en Cartago, y los almacenaba en la casa que habitaban, curiosamente las personas que&nbsp; llegaban a adquirir el block, para sus construcciones le ofrec\u00edan comprar los materiales. Don Nelson ya no solo se abastec\u00eda de los materiales que iba a utilizar en su casa, sino que tambi\u00e9n tra\u00eda pedidos a sus clientes.<\/span><\/p>\n<p class=\"Estilo55 Estilo57 Estilo59\" align=\"justify\"><span style=\"color: #000000;\">Una vez que se mudaron a la nueva casa, la anterior se utilizaba como bodega y en una peque\u00f1a pieza se coloc\u00f3 un escritorio, un peque\u00f1o estante con mercader\u00eda y de esta forma se inici\u00f3 con la ferreter\u00eda.<\/span><\/p>\n<p class=\"Estilo55 Estilo57 Estilo59\" align=\"justify\"><span style=\"color: #000000;\">Es as\u00ed como don Nelson y su hijo Diego atend\u00edan el negocio, mientras que don Giovanni iniciaba sus estudios de Administraci\u00f3n de Empresas en el ITCR, para luego convertirse en el administrador de la empresa.<\/span><\/p>\n<p class=\"Estilo55 Estilo57 Estilo59\" align=\"justify\"><span style=\"color: #000000;\">Al incursionar con \u00e9xito en este nuevo proyecto, los encargados se ven en la necesidad, de construir unas instalaciones acorde con los requerimientos que la actividad les demandaba.<\/span><\/p>\n<p class=\"Estilo55 Estilo57 Estilo59\" align=\"justify\"><span style=\"color: #000000;\">Es de esta forma como nace MERCASA, empresa que en la&nbsp; actualidad cuenta con m\u00e1s de 100 colaboradores, mujeres y hombres que brindan su esfuerzo y dedicaci\u00f3n en diversas \u00e1reas, con el fin de superarse y construir d\u00eda a d\u00eda, este proyecto, que una vez inici\u00f3 como una simple idea, para luego convertirse en una realidad.<\/span><\/p>\n<p class=\"Estilo55 Estilo57 Estilo59\" align=\"justify\"><span style=\"color: #000000;\">&nbsp;As\u00ed mismo, la empresa posee unidades vehiculares, que le permiten ofrecer un mejor servicio al cliente y mayor eficiencia a la hora de transportar los productos desde los proveedores hacia el local.<\/span><\/p>\n<p class=\"Estilo55 Estilo57 Estilo59\" align=\"justify\"><span style=\"color: #000000;\">Las instalaciones f\u00edsicas conforman otro elemento que ha marcado diferencia, pues los encargados han invertido recursos en la construcci\u00f3n de mejor infraestructura, que le ha permitido diversificar sus operaciones y &nbsp;suplir no solo a los vecinos del lugar, sino tambi\u00e9n a personas de diferentes partes, a instituciones p\u00fablicas y a ferreter\u00edas&nbsp; de los alrededores.<\/span><\/p>\n<p class=\"Estilo55 Estilo57 Estilo59\" align=\"justify\"><span style=\"color: #000000;\">Todo esto con el empleo de una ideolog\u00eda de constante crecimiento, en pro del beneficio de todas aquellas personas que de una u otra manera integran el grupo MERCASA.<\/span><\/p>\n<h1 class=\"Estilo55 Estilo59 Estilo60 Estilo61\"><span style=\"color: #000000;\">MISI\u00d3N<\/span><\/h1>\n<p class=\"Estilo55 Estilo59\"><span style=\"color: #000000;\">MERCASA es un dep\u00f3sito de materiales para la construcci\u00f3n y ferreter\u00eda, orientado a satisfacer la demanda del p\u00fablico en general y empresas del Estado a nivel nacional, ofreciendo productos de alta calidad, acompa\u00f1ados por un excelente servicio y trato por parte de nuestro equipo de trabajo.<\/span><\/p>\n<p class=\"Estilo55 Estilo59\"><span style=\"color: #000000;\">Somos una empresa que procura implementar los cambios tecnol\u00f3gicos relacionados con sus operaciones, y as\u00ed lograr mejorar la rentabilidad y el bienestar de todos sus miembros y la sociedad en general.<\/span><\/p>\n<h1 class=\"Estilo55 Estilo59 Estilo60 Estilo61\"><span style=\"color: #000000;\">VISI\u00d3N<\/span><\/h1>\n<p class=\"Estilo55 Estilo59\"><span style=\"color: #000000;\">Ser la mejor opci\u00f3n en cuanto al abastecimiento de materiales de construcci\u00f3n, ferreter\u00eda y acabados en el pa\u00eds, por medio de la obtenci\u00f3n de liderazgo en calidad de productos, precios bajos y servicios, que hagan de MERCASA la n\u00famero uno en el mercado en que se desarrolla<\/span><\/p>\n<h1 class=\"Estilo62 Estilo55\"><span style=\"color: #000000;\">VALORES<\/span><\/h1>\n<p class=\"Estilo55 Estilo59\"><span style=\"color: #000000;\">Procuramos realizar&nbsp; cada d\u00eda nuestro trabajo contemplado en un marco de honestidad, compa\u00f1erismo, respeto, puntualidad, cortes\u00eda, servicio al cliente y compromiso.<\/span><\/p>\n\n\n<figure class=\"wp-block-image alignwide\"><img loading=\"lazy\" width=\"1024\" height=\"669\" src=\"https:\/\/wp.grupomercasa.com\/wp-content\/uploads\/2019\/05\/MERCASA-ANTIGUA-1-1-1024x669.jpeg\" alt=\"\" class=\"wp-image-486\" srcset=\"https:\/\/wp.grupomercasa.com\/wp-content\/uploads\/2019\/05\/MERCASA-ANTIGUA-1-1.jpeg 1024w, https:\/\/wp.grupomercasa.com\/wp-content\/uploads\/2019\/05\/MERCASA-ANTIGUA-1-1-300x196.jpeg 300w, https:\/\/wp.grupomercasa.com\/wp-content\/uploads\/2019\/05\/MERCASA-ANTIGUA-1-1-768x502.jpeg 768w\" sizes=\"(max-width: 1024px) 100vw, 1024px\" \/><\/figure>\n","protected":false},"excerpt":{"rendered":"<p>HISTORIA En el a\u00f1o 1981 y proveniente de la Suiza de Turrialba, Cartago, el se\u00f1or Nelson M\u00e9ndez Chaves, decide &nbsp;instalar una peque\u00f1a f\u00e1brica de block, en Agua Caliente, Cartago, lugar &#8230;<\/p>\n","protected":false},"author":1,"featured_media":0,"parent":0,"menu_order":0,"comment_status":"closed","ping_status":"closed","template":"","meta":{"spay_email":""},"_links":{"self":[{"href":"https:\/\/wp.grupomercasa.com\/index.php?rest_route=\/wp\/v2\/pages\/31"}],"collection":[{"href":"https:\/\/wp.grupomercasa.com\/index.php?rest_route=\/wp\/v2\/pages"}],"about":[{"href":"https:\/\/wp.grupomercasa.com\/index.php?rest_route=\/wp\/v2\/types\/page"}],"author":[{"embeddable":true,"href":"https:\/\/wp.grupomercasa.com\/index.php?rest_route=\/wp\/v2\/users\/1"}],"replies":[{"embeddable":true,"href":"https:\/\/wp.grupomercasa.com\/index.php?rest_route=%2Fwp%2Fv2%2Fcomments&post=31"}],"version-history":[{"count":16,"href":"https:\/\/wp.grupomercasa.com\/index.php?rest_route=\/wp\/v2\/pages\/31\/revisions"}],"predecessor-version":[{"id":489,"href":"https:\/\/wp.grupomercasa.com\/index.php?rest_route=\/wp\/v2\/pages\/31\/revisions\/489"}],"wp:attachment":[{"href":"https:\/\/wp.grupomercasa.com\/index.php?rest_route=%2Fwp%2Fv2%2Fmedia&parent=31"}],"curies":[{"name":"wp","href":"https:\/\/api.w.org\/{rel}","templated":true}]}}